{"id":2229,"date":"2020-04-16T09:50:26","date_gmt":"2020-04-16T09:50:26","guid":{"rendered":"https:\/\/fakin.hr\/attractions\/"},"modified":"2022-04-05T20:40:46","modified_gmt":"2022-04-05T20:40:46","slug":"attractions","status":"publish","type":"page","link":"https:\/\/fakin.hr\/en\/attractions\/","title":{"rendered":"Attractions"},"content":{"rendered":"\t\t<div data-elementor-type=\"wp-page\" data-elementor-id=\"2229\" class=\"elementor elementor-2229 elementor-73\" data-elementor-post-type=\"page\">\n\t\t\t\t\t\t<section class=\"elementor-section elementor-top-section elementor-element elementor-element-uckjne1 elementor-section-boxed elementor-section-height-default elementor-section-height-default\" data-id=\"uckjne1\" data-element_type=\"section\" data-e-type=\"section\" data-settings=\"{&quot;background_background&quot;:&quot;classic&quot;}\">\n\t\t\t\t\t\t\t<div class=\"elementor-background-overlay\"><\/div>\n\t\t\t\t\t\t\t<div class=\"elementor-container elementor-column-gap-default\">\n\t\t\t\t\t<div class=\"elementor-column elementor-col-100 elementor-top-column elementor-element elementor-element-a568b62\" data-id=\"a568b62\" data-element_type=\"column\" data-e-type=\"column\">\n\t\t\t<div class=\"elementor-widget-wrap elementor-element-populated\">\n\t\t\t\t\t\t<div class=\"elementor-element elementor-element-f509617 elementor-widget elementor-widget-heading\" data-id=\"f509617\" data-element_type=\"widget\" data-e-type=\"widget\" data-widget_type=\"heading.default\">\n\t\t\t\t<div class=\"elementor-widget-container\">\n\t\t\t\t\t<h1 class=\"elementor-heading-title elementor-size-default\">Attractions <\/h1>\t\t\t\t<\/div>\n\t\t\t\t<\/div>\n\t\t\t\t\t<\/div>\n\t\t<\/div>\n\t\t\t\t\t<\/div>\n\t\t<\/section>\n\t\t\t\t<section class=\"elementor-section elementor-top-section elementor-element elementor-element-87o570l elementor-section-boxed elementor-section-height-default elementor-section-height-default\" data-id=\"87o570l\" data-element_type=\"section\" data-e-type=\"section\" data-settings=\"{&quot;background_background&quot;:&quot;classic&quot;}\">\n\t\t\t\t\t\t<div class=\"elementor-container elementor-column-gap-no\">\n\t\t\t\t\t<div class=\"elementor-column elementor-col-50 elementor-top-column elementor-element elementor-element-d6d8cec\" data-id=\"d6d8cec\" data-element_type=\"column\" data-e-type=\"column\">\n\t\t\t<div class=\"elementor-widget-wrap elementor-element-populated\">\n\t\t\t\t\t\t<div class=\"elementor-element elementor-element-f5cb3d6 elementor-widget elementor-widget-image\" data-id=\"f5cb3d6\" data-element_type=\"widget\" data-e-type=\"widget\" data-widget_type=\"image.default\">\n\t\t\t\t<div class=\"elementor-widget-container\">\n\t\t\t\t\t\t\t\t\t\t\t\t\t\t\t<img fetchpriority=\"high\" decoding=\"async\" width=\"569\" height=\"704\" src=\"https:\/\/esukkceghka.exactdn.com\/wp-content\/uploads\/2022\/04\/karta.png?strip=all\" class=\"elementor-animation-sink attachment-full size-full wp-image-2859\" alt=\"\" srcset=\"https:\/\/esukkceghka.exactdn.com\/wp-content\/uploads\/2022\/04\/karta.png?strip=all 569w, https:\/\/esukkceghka.exactdn.com\/wp-content\/uploads\/2022\/04\/karta-242x300.png?strip=all 242w, https:\/\/esukkceghka.exactdn.com\/wp-content\/uploads\/2022\/04\/karta.png?strip=all&amp;w=113 113w, https:\/\/esukkceghka.exactdn.com\/wp-content\/uploads\/2022\/04\/karta.png?strip=all&amp;w=341 341w, https:\/\/esukkceghka.exactdn.com\/wp-content\/uploads\/2022\/04\/karta.png?strip=all&amp;w=455 455w\" sizes=\"(max-width: 569px) 100vw, 569px\" \/>\t\t\t\t\t\t\t\t\t\t\t\t\t\t\t<\/div>\n\t\t\t\t<\/div>\n\t\t\t\t\t<\/div>\n\t\t<\/div>\n\t\t\t\t<div class=\"elementor-column elementor-col-50 elementor-top-column elementor-element elementor-element-cbf4be6\" data-id=\"cbf4be6\" data-element_type=\"column\" data-e-type=\"column\" data-settings=\"{&quot;background_background&quot;:&quot;classic&quot;}\">\n\t\t\t<div class=\"elementor-widget-wrap elementor-element-populated\">\n\t\t\t\t\t\t<div class=\"elementor-element elementor-element-46bc8f9 elementor-widget elementor-widget-heading\" data-id=\"46bc8f9\" data-element_type=\"widget\" data-e-type=\"widget\" data-widget_type=\"heading.default\">\n\t\t\t\t<div class=\"elementor-widget-container\">\n\t\t\t\t\t<h2 class=\"elementor-heading-title elementor-size-default\">IN THE HEART OF NATURE<\/h2>\t\t\t\t<\/div>\n\t\t\t\t<\/div>\n\t\t\t\t<div class=\"elementor-element elementor-element-8a4c4bf elementor-widget elementor-widget-heading\" data-id=\"8a4c4bf\" data-element_type=\"widget\" data-e-type=\"widget\" data-widget_type=\"heading.default\">\n\t\t\t\t<div class=\"elementor-widget-container\">\n\t\t\t\t\t<h2 class=\"elementor-heading-title elementor-size-default\">explore and relax<\/h2>\t\t\t\t<\/div>\n\t\t\t\t<\/div>\n\t\t\t\t<div class=\"elementor-element elementor-element-b4268b0 elementor-widget elementor-widget-text-editor\" data-id=\"b4268b0\" data-element_type=\"widget\" data-e-type=\"widget\" data-widget_type=\"text-editor.default\">\n\t\t\t\t<div class=\"elementor-widget-container\">\n\t\t\t\t\t\t\t\t\t<p>Bonding with nature is a perfect recipe for energizing body and soul.<br \/>The guesthouse and its restaurant are located just a few steps away from Veliki Pa\u017eut &#8211; a special ornithological reserve located within the Mura-Drava Regional Park in Croatia.<br \/><br \/>The beautiful and unique nature invite for relaxing and romantic walks<br \/>or cycling tours along the picturesque landscapes. Or simply enjoy the day at the Halasz-Czarda beach on the Mura-Drava riverbank or one of the nearby lakes.<br \/><br \/>Guided boat rides are available, diving excursions as well as panorama flights and other tours. The region is a hot spot for sports fishing due to the large amount of waterfronts in the region.<\/p>\t\t\t\t\t\t\t\t<\/div>\n\t\t\t\t<\/div>\n\t\t\t\t<div class=\"elementor-element elementor-element-bde649c elementor-widget elementor-widget-image\" data-id=\"bde649c\" data-element_type=\"widget\" data-e-type=\"widget\" data-widget_type=\"image.default\">\n\t\t\t\t<div class=\"elementor-widget-container\">\n\t\t\t\t\t\t\t\t\t\t\t\t\t\t\t<img decoding=\"async\" width=\"1024\" height=\"575\" src=\"https:\/\/esukkceghka.exactdn.com\/wp-content\/uploads\/2022\/03\/priroda-fakin-6-1024x575.jpg?strip=all\" class=\"attachment-large size-large wp-image-2000\" alt=\"\" srcset=\"https:\/\/esukkceghka.exactdn.com\/wp-content\/uploads\/2022\/03\/priroda-fakin-6-1024x575.jpg?strip=all 1024w, https:\/\/esukkceghka.exactdn.com\/wp-content\/uploads\/2022\/03\/priroda-fakin-6-300x169.jpg?strip=all 300w, https:\/\/esukkceghka.exactdn.com\/wp-content\/uploads\/2022\/03\/priroda-fakin-6-768x432.jpg?strip=all 768w, https:\/\/esukkceghka.exactdn.com\/wp-content\/uploads\/2022\/03\/priroda-fakin-6-1536x863.jpg?strip=all 1536w, https:\/\/esukkceghka.exactdn.com\/wp-content\/uploads\/2022\/03\/priroda-fakin-6-2048x1151.jpg?strip=all 2048w, https:\/\/esukkceghka.exactdn.com\/wp-content\/uploads\/2022\/03\/priroda-fakin-6.jpg?strip=all&amp;w=481 481w, https:\/\/esukkceghka.exactdn.com\/wp-content\/uploads\/2022\/03\/priroda-fakin-6.jpg?strip=all&amp;w=963 963w, https:\/\/esukkceghka.exactdn.com\/wp-content\/uploads\/2022\/03\/priroda-fakin-6.jpg?strip=all&amp;w=1444 1444w, https:\/\/esukkceghka.exactdn.com\/wp-content\/uploads\/2022\/03\/priroda-fakin-6.jpg?strip=all&amp;w=1926 1926w, https:\/\/esukkceghka.exactdn.com\/wp-content\/uploads\/2022\/03\/priroda-fakin-6.jpg?strip=all 2408w\" sizes=\"(max-width: 1024px) 100vw, 1024px\" \/>\t\t\t\t\t\t\t\t\t\t\t\t\t\t\t<\/div>\n\t\t\t\t<\/div>\n\t\t\t\t\t<\/div>\n\t\t<\/div>\n\t\t\t\t\t<\/div>\n\t\t<\/section>\n\t\t\t\t<section class=\"elementor-section elementor-top-section elementor-element elementor-element-mkhbzth elementor-section-boxed elementor-section-height-default elementor-section-height-default\" data-id=\"mkhbzth\" data-element_type=\"section\" data-e-type=\"section\" data-settings=\"{&quot;background_background&quot;:&quot;classic&quot;}\">\n\t\t\t\t\t\t<div class=\"elementor-container elementor-column-gap-no\">\n\t\t\t\t\t<div class=\"elementor-column elementor-col-50 elementor-top-column elementor-element elementor-element-13c1b41\" data-id=\"13c1b41\" data-element_type=\"column\" data-e-type=\"column\">\n\t\t\t<div class=\"elementor-widget-wrap elementor-element-populated\">\n\t\t\t\t\t\t<div class=\"elementor-element elementor-element-35f2b17 elementor-widget elementor-widget-heading\" data-id=\"35f2b17\" data-element_type=\"widget\" data-e-type=\"widget\" data-widget_type=\"heading.default\">\n\t\t\t\t<div class=\"elementor-widget-container\">\n\t\t\t\t\t<h2 class=\"elementor-heading-title elementor-size-default\">CYCLING ADVENTURES<\/h2>\t\t\t\t<\/div>\n\t\t\t\t<\/div>\n\t\t\t\t<div class=\"elementor-element elementor-element-58477b5 elementor-widget elementor-widget-heading\" data-id=\"58477b5\" data-element_type=\"widget\" data-e-type=\"widget\" data-widget_type=\"heading.default\">\n\t\t\t\t<div class=\"elementor-widget-container\">\n\t\t\t\t\t<h2 class=\"elementor-heading-title elementor-size-default\">the epicenter of cycling<\/h2>\t\t\t\t<\/div>\n\t\t\t\t<\/div>\n\t\t\t\t<div class=\"elementor-element elementor-element-8a924c4 elementor-widget elementor-widget-text-editor\" data-id=\"8a924c4\" data-element_type=\"widget\" data-e-type=\"widget\" data-widget_type=\"text-editor.default\">\n\t\t\t\t<div class=\"elementor-widget-container\">\n\t\t\t\t\t\t\t\t\t<p><strong>Legrad<\/strong> is part of several cycling routes: Drava route, Tour the Mur, Iron Curtain<br \/>route as well as the thematic Zrinski-Sulejman route. Each hiding wonderful stories that we invite you to discover and explore the landscapes and villages, the people and its culture.<\/p><p>The longest cycling route is the Drava route which runs through 4 countries:<br \/>beginning in Italy, going through Austria and Slovenia and ending in Croatia.<\/p><p>Our guesthouse is perfectly positioned for a relaxing stay in between journeys<br \/>on those routes. We also provide safe and dry storage possibility for your bikes.<\/p>\t\t\t\t\t\t\t\t<\/div>\n\t\t\t\t<\/div>\n\t\t\t\t\t<\/div>\n\t\t<\/div>\n\t\t\t\t<div class=\"elementor-column elementor-col-50 elementor-top-column elementor-element elementor-element-0098b25\" data-id=\"0098b25\" data-element_type=\"column\" data-e-type=\"column\">\n\t\t\t<div class=\"elementor-widget-wrap elementor-element-populated\">\n\t\t\t\t\t\t<div class=\"elementor-element elementor-element-a83c05e elementor-widget elementor-widget-image\" data-id=\"a83c05e\" data-element_type=\"widget\" data-e-type=\"widget\" data-widget_type=\"image.default\">\n\t\t\t\t<div class=\"elementor-widget-container\">\n\t\t\t\t\t\t\t\t\t\t\t\t\t\t\t<img decoding=\"async\" width=\"522\" height=\"624\" src=\"https:\/\/esukkceghka.exactdn.com\/wp-content\/uploads\/2022\/04\/fakin-bicikle.png?strip=all\" class=\"elementor-animation-sink attachment-full size-full wp-image-2882\" alt=\"\" srcset=\"https:\/\/esukkceghka.exactdn.com\/wp-content\/uploads\/2022\/04\/fakin-bicikle.png?strip=all 522w, https:\/\/esukkceghka.exactdn.com\/wp-content\/uploads\/2022\/04\/fakin-bicikle-251x300.png?strip=all 251w, https:\/\/esukkceghka.exactdn.com\/wp-content\/uploads\/2022\/04\/fakin-bicikle.png?strip=all&amp;w=104 104w, https:\/\/esukkceghka.exactdn.com\/wp-content\/uploads\/2022\/04\/fakin-bicikle.png?strip=all&amp;w=313 313w, https:\/\/esukkceghka.exactdn.com\/wp-content\/uploads\/2022\/04\/fakin-bicikle.png?strip=all&amp;w=417 417w\" sizes=\"(max-width: 522px) 100vw, 522px\" \/>\t\t\t\t\t\t\t\t\t\t\t\t\t\t\t<\/div>\n\t\t\t\t<\/div>\n\t\t\t\t\t<\/div>\n\t\t<\/div>\n\t\t\t\t\t<\/div>\n\t\t<\/section>\n\t\t\t\t<section class=\"elementor-section elementor-top-section elementor-element elementor-element-5b97d9c elementor-section-boxed elementor-section-height-default elementor-section-height-default\" data-id=\"5b97d9c\" data-element_type=\"section\" data-e-type=\"section\">\n\t\t\t\t\t\t<div class=\"elementor-container elementor-column-gap-default\">\n\t\t\t\t\t<div class=\"elementor-column elementor-col-100 elementor-top-column elementor-element elementor-element-00fb6b8\" data-id=\"00fb6b8\" data-element_type=\"column\" data-e-type=\"column\">\n\t\t\t<div class=\"elementor-widget-wrap elementor-element-populated\">\n\t\t\t\t\t\t<div class=\"elementor-element elementor-element-2e809f1 elementor-widget elementor-widget-heading\" data-id=\"2e809f1\" data-element_type=\"widget\" data-e-type=\"widget\" data-widget_type=\"heading.default\">\n\t\t\t\t<div class=\"elementor-widget-container\">\n\t\t\t\t\t<h2 class=\"elementor-heading-title elementor-size-default\">ATTRACTIONS NEARBY<\/h2>\t\t\t\t<\/div>\n\t\t\t\t<\/div>\n\t\t\t\t<div class=\"elementor-element elementor-element-0cc64a4 elementor-widget elementor-widget-heading\" data-id=\"0cc64a4\" data-element_type=\"widget\" data-e-type=\"widget\" data-widget_type=\"heading.default\">\n\t\t\t\t<div class=\"elementor-widget-container\">\n\t\t\t\t\t<h2 class=\"elementor-heading-title elementor-size-default\">popular hotspots<\/h2>\t\t\t\t<\/div>\n\t\t\t\t<\/div>\n\t\t\t\t<section class=\"elementor-section elementor-inner-section elementor-element elementor-element-2adfc96 elementor-section-boxed elementor-section-height-default elementor-section-height-default\" data-id=\"2adfc96\" data-element_type=\"section\" data-e-type=\"section\">\n\t\t\t\t\t\t<div class=\"elementor-container elementor-column-gap-default\">\n\t\t\t\t\t<div class=\"elementor-column elementor-col-50 elementor-inner-column elementor-element elementor-element-94eb34e\" data-id=\"94eb34e\" data-element_type=\"column\" data-e-type=\"column\">\n\t\t\t<div class=\"elementor-widget-wrap elementor-element-populated\">\n\t\t\t\t\t\t<div class=\"elementor-element elementor-element-a9cc59f elementor-widget elementor-widget-gallery\" data-id=\"a9cc59f\" data-element_type=\"widget\" data-e-type=\"widget\" data-settings=\"{&quot;columns&quot;:2,&quot;lazyload&quot;:&quot;yes&quot;,&quot;gallery_layout&quot;:&quot;grid&quot;,&quot;columns_tablet&quot;:2,&quot;columns_mobile&quot;:1,&quot;gap&quot;:{&quot;unit&quot;:&quot;px&quot;,&quot;size&quot;:10,&quot;sizes&quot;:[]},&quot;gap_tablet&quot;:{&quot;unit&quot;:&quot;px&quot;,&quot;size&quot;:10,&quot;sizes&quot;:[]},&quot;gap_mobile&quot;:{&quot;unit&quot;:&quot;px&quot;,&quot;size&quot;:10,&quot;sizes&quot;:[]},&quot;aspect_ratio&quot;:&quot;3:2&quot;,&quot;content_hover_animation&quot;:&quot;fade-in&quot;}\" data-widget_type=\"gallery.default\">\n\t\t\t\t<div class=\"elementor-widget-container\">\n\t\t\t\t\t\t\t<div class=\"elementor-gallery__container\">\n\t\t\t\t\t\t\t<div class=\"e-gallery-item elementor-gallery-item elementor-animated-content\">\n\t\t\t\t\t<div class=\"e-gallery-image elementor-gallery-item__image\" data-thumbnail=\"https:\/\/esukkceghka.exactdn.com\/wp-content\/uploads\/2022\/03\/atrakcije-fakin-01-1-300x222.jpg?strip=all\" data-width=\"300\" data-height=\"222\" aria-label=\"\" role=\"img\" ><\/div>\n\t\t\t\t\t\t\t\t\t\t\t\t\t\t<\/div>\n\t\t\t\t\t\t\t<div class=\"e-gallery-item elementor-gallery-item elementor-animated-content\">\n\t\t\t\t\t<div class=\"e-gallery-image elementor-gallery-item__image\" data-thumbnail=\"https:\/\/esukkceghka.exactdn.com\/wp-content\/uploads\/2022\/03\/atrakcije-fakin-03-300x222.jpg?strip=all\" data-width=\"300\" data-height=\"222\" aria-label=\"\" role=\"img\" ><\/div>\n\t\t\t\t\t\t\t\t\t\t\t\t\t\t<\/div>\n\t\t\t\t\t\t\t<div class=\"e-gallery-item elementor-gallery-item elementor-animated-content\">\n\t\t\t\t\t<div class=\"e-gallery-image elementor-gallery-item__image\" data-thumbnail=\"https:\/\/esukkceghka.exactdn.com\/wp-content\/uploads\/2022\/03\/atrakcije-fakin-02-1-300x225.jpg?strip=all\" data-width=\"300\" data-height=\"225\" aria-label=\"\" role=\"img\" ><\/div>\n\t\t\t\t\t\t\t\t\t\t\t\t\t\t<\/div>\n\t\t\t\t\t\t\t<div class=\"e-gallery-item elementor-gallery-item elementor-animated-content\">\n\t\t\t\t\t<div class=\"e-gallery-image elementor-gallery-item__image\" data-thumbnail=\"https:\/\/esukkceghka.exactdn.com\/wp-content\/uploads\/2022\/03\/atrakcije-fakin-06-300x223.jpg?strip=all\" data-width=\"300\" data-height=\"223\" aria-label=\"\" role=\"img\" ><\/div>\n\t\t\t\t\t\t\t\t\t\t\t\t\t\t<\/div>\n\t\t\t\t\t\t\t<div class=\"e-gallery-item elementor-gallery-item elementor-animated-content\">\n\t\t\t\t\t<div class=\"e-gallery-image elementor-gallery-item__image\" data-thumbnail=\"https:\/\/esukkceghka.exactdn.com\/wp-content\/uploads\/2022\/03\/atrakcije-fakin-04-300x225.jpg?strip=all\" data-width=\"300\" data-height=\"225\" aria-label=\"\" role=\"img\" ><\/div>\n\t\t\t\t\t\t\t\t\t\t\t\t\t\t<\/div>\n\t\t\t\t\t\t\t<div class=\"e-gallery-item elementor-gallery-item elementor-animated-content\">\n\t\t\t\t\t<div class=\"e-gallery-image elementor-gallery-item__image\" data-thumbnail=\"https:\/\/esukkceghka.exactdn.com\/wp-content\/uploads\/2022\/03\/atrakcije-fakin-05-300x224.jpg?strip=all\" data-width=\"300\" data-height=\"224\" aria-label=\"\" role=\"img\" ><\/div>\n\t\t\t\t\t\t\t\t\t\t\t\t\t\t<\/div>\n\t\t\t\t\t<\/div>\n\t\t\t\t\t<\/div>\n\t\t\t\t<\/div>\n\t\t\t\t\t<\/div>\n\t\t<\/div>\n\t\t\t\t<div class=\"elementor-column elementor-col-50 elementor-inner-column elementor-element elementor-element-d1711c7\" data-id=\"d1711c7\" data-element_type=\"column\" data-e-type=\"column\">\n\t\t\t<div class=\"elementor-widget-wrap elementor-element-populated\">\n\t\t\t\t\t\t<div class=\"elementor-element elementor-element-c2d11d9 elementor-widget elementor-widget-text-editor\" data-id=\"c2d11d9\" data-element_type=\"widget\" data-e-type=\"widget\" data-widget_type=\"text-editor.default\">\n\t\t\t\t<div class=\"elementor-widget-container\">\n\t\t\t\t\t\t\t\t\t<p>The nearby towns<strong> Vara\u017edin, \u010cakovec and Koprivnica<\/strong> have a lot of historical attractions for fans of sightseeing. Old baroque and renaissance buildings, churches and fortresses, museums as well as beautiful parks shape the scenery of those towns.<br \/><br \/><strong>Legrad<\/strong> is located in between those remarkable cities, and serves as an<br \/>excellent starting spot for daily tours.<\/p><p><strong>Lake \u0160oderica<\/strong>, the pearl of Podravina is a paradise for swimming and relaxation. The turquoise green color of water, the pebbled shore, and scattered islets attract a lot of local and foreign guests. An attraction for nature lovers is a permanent colony of swans that live on the lake free from disturbance.<br \/><br \/><strong>Lake \u0160oderica<\/strong> mirrors its beauty all the year. A place for sport and relaxation in<br \/>the summer, and quiet and romantic walks along the shore in the winter.<br \/>44km to the south-east, you can visit \u0110ur\u0111eva\u010dki pesci, a desert landscape with<br \/>dunes, in the middle of the green Podravina region, which the locals like to call<br \/>Croatian Sahara.<\/p>\t\t\t\t\t\t\t\t<\/div>\n\t\t\t\t<\/div>\n\t\t\t\t\t<\/div>\n\t\t<\/div>\n\t\t\t\t\t<\/div>\n\t\t<\/section>\n\t\t\t\t\t<\/div>\n\t\t<\/div>\n\t\t\t\t\t<\/div>\n\t\t<\/section>\n\t\t\t\t<\/div>\n\t\t","protected":false},"excerpt":{"rendered":"<p>Attractions IN THE HEART OF NATURE explore and relax Bonding with nature is a perfect recipe for energizing body and soul.The guesthouse and its restaurant are located just a few steps away from Veliki Pa\u017eut &#8211; a special ornithological reserve located within the Mura-Drava Regional Park in Croatia. The beautiful and unique nature invite for [&hellip;]<\/p>\n","protected":false},"author":2,"featured_media":0,"parent":0,"menu_order":0,"comment_status":"closed","ping_status":"closed","template":"","meta":{"_seopress_robots_primary_cat":"","_seopress_titles_title":"Attractions I Restaurant Fakin & Guesthouse Legra\u0111anka","_seopress_titles_desc":"Attractions you can enjoy near our restaurant Fakin in the beautiful Mura-Drava Regional Park and the bike path along the Drava.","_seopress_robots_index":"","site-sidebar-layout":"no-sidebar","site-content-layout":"page-builder","ast-site-content-layout":"default","site-content-style":"default","site-sidebar-style":"default","ast-global-header-display":"","ast-banner-title-visibility":"","ast-main-header-display":"","ast-hfb-above-header-display":"","ast-hfb-below-header-display":"","ast-hfb-mobile-header-display":"","site-post-title":"disabled","ast-breadcrumbs-content":"","ast-featured-img":"disabled","footer-sml-layout":"","ast-disable-related-posts":"","theme-transparent-header-meta":"default","adv-header-id-meta":"","stick-header-meta":"default","header-above-stick-meta":"","header-main-stick-meta":"","header-below-stick-meta":"","astra-migrate-meta-layouts":"default","ast-page-background-enabled":"default","ast-page-background-meta":{"desktop":{"background-color":"","background-image":"","background-repeat":"repeat","background-position":"center center","background-size":"auto","background-attachment":"scroll","background-type":"","background-media":"","overlay-type":"","overlay-color":"","overlay-opacity":"","overlay-gradient":""},"tablet":{"background-color":"","background-image":"","background-repeat":"repeat","background-position":"center center","background-size":"auto","background-attachment":"scroll","background-type":"","background-media":"","overlay-type":"","overlay-color":"","overlay-opacity":"","overlay-gradient":""},"mobile":{"background-color":"","background-image":"","background-repeat":"repeat","background-position":"center center","background-size":"auto","background-attachment":"scroll","background-type":"","background-media":"","overlay-type":"","overlay-color":"","overlay-opacity":"","overlay-gradient":""}},"ast-content-background-meta":{"desktop":{"background-color":"var(--ast-global-color-5)","background-image":"","background-repeat":"repeat","background-position":"center center","background-size":"auto","background-attachment":"scroll","background-type":"","background-media":"","overlay-type":"","overlay-color":"","overlay-opacity":"","overlay-gradient":""},"tablet":{"background-color":"var(--ast-global-color-5)","background-image":"","background-repeat":"repeat","background-position":"center center","background-size":"auto","background-attachment":"scroll","background-type":"","background-media":"","overlay-type":"","overlay-color":"","overlay-opacity":"","overlay-gradient":""},"mobile":{"background-color":"var(--ast-global-color-5)","background-image":"","background-repeat":"repeat","background-position":"center center","background-size":"auto","background-attachment":"scroll","background-type":"","background-media":"","overlay-type":"","overlay-color":"","overlay-opacity":"","overlay-gradient":""}},"footnotes":""},"class_list":["post-2229","page","type-page","status-publish","hentry"],"_links":{"self":[{"href":"https:\/\/fakin.hr\/en\/wp-json\/wp\/v2\/pages\/2229","targetHints":{"allow":["GET"]}}],"collection":[{"href":"https:\/\/fakin.hr\/en\/wp-json\/wp\/v2\/pages"}],"about":[{"href":"https:\/\/fakin.hr\/en\/wp-json\/wp\/v2\/types\/page"}],"author":[{"embeddable":true,"href":"https:\/\/fakin.hr\/en\/wp-json\/wp\/v2\/users\/2"}],"replies":[{"embeddable":true,"href":"https:\/\/fakin.hr\/en\/wp-json\/wp\/v2\/comments?post=2229"}],"version-history":[{"count":73,"href":"https:\/\/fakin.hr\/en\/wp-json\/wp\/v2\/pages\/2229\/revisions"}],"predecessor-version":[{"id":3008,"href":"https:\/\/fakin.hr\/en\/wp-json\/wp\/v2\/pages\/2229\/revisions\/3008"}],"wp:attachment":[{"href":"https:\/\/fakin.hr\/en\/wp-json\/wp\/v2\/media?parent=2229"}],"curies":[{"name":"wp","href":"https:\/\/api.w.org\/{rel}","templated":true}]}}